{"id":3,"date":"2024-03-21T12:31:28","date_gmt":"2024-03-21T11:31:28","guid":{"rendered":"http:\/\/pompedicaloretreviso.it\/?page_id=3"},"modified":"2024-05-03T08:45:41","modified_gmt":"2024-05-03T06:45:41","slug":"privacy-policy","status":"publish","type":"page","link":"https:\/\/pompedicaloretreviso.it\/?page_id=3","title":{"rendered":"Privacy Policy"},"content":{"rendered":"[et_pb_section fb_built=&#8221;1&#8243; admin_label=&#8221;section&#8221; _builder_version=&#8221;4.16&#8243; global_colors_info=&#8221;{}&#8221;][et_pb_row admin_label=&#8221;row&#8221; _builder_version=&#8221;4.16&#8243; background_size=&#8221;initial&#8221; background_position=&#8221;top_left&#8221; background_repeat=&#8221;repeat&#8221; global_colors_info=&#8221;{}&#8221;][et_pb_column type=&#8221;4_4&#8243; _builder_version=&#8221;4.16&#8243; custom_padding=&#8221;|||&#8221; global_colors_info=&#8221;{}&#8221; custom_padding__hover=&#8221;|||&#8221;][et_pb_text admin_label=&#8221;Text&#8221; _builder_version=&#8221;4.25.0&#8243; background_size=&#8221;initial&#8221; background_position=&#8221;top_left&#8221; background_repeat=&#8221;repeat&#8221; hover_enabled=&#8221;0&#8243; global_colors_info=&#8221;{}&#8221; sticky_enabled=&#8221;0&#8243;]<p><\/p>\n<p>Privacy Policy di pompedicaloretreviso<strong>.it<\/strong><\/p>\n<div class=\"iub_header\"><\/div>\n<div class=\"iub_footer\">\n<p><strong>Informativa sul trattamento dei dati personali ex artt. 13-14 Reg.to UE 2016\/679<\/strong><\/p>\n<p><strong>Soggetti Interessati: Navigatori Sito Internet.<\/strong><\/p>\n<p>Gomiero Service srl, nella qualit\u00e0 di Titolare del trattamento dei Suoi dati personali, ai sensi e per gli effetti del Reg.to UE 2016\/679 di seguito \u2018GDPR\u2019, con la presente, La informa, che la citata normativa prevede la tutela degli interessati rispetto al trattamento dei dati personali e che tale trattamento sar\u00e0 improntato ai principi di correttezza, liceit\u00e0, trasparenza e di tutela della Sua riservatezza e dei Suoi diritti. I Suoi dati personali verranno trattati in accordo alle disposizioni legislative della normativa sopra richiamata e degli obblighi di riservatezza ivi previsti.<\/p>\n<p><strong>Finalit\u00e0 di trattamento:<\/strong>\u00a0in particolare i Suoi dati verranno trattati per le seguenti finalit\u00e0 connesse all\u2019attuazione di adempimenti relativi ad obblighi legislativi o contrattuali:<\/p>\n<p>\u00a0Accesso tecnico e Funzionale al Sito, nessun dato viene mantenuto dopo la chiusura del Browser;<\/p>\n<p>\u00a0Finalit\u00e0 di navigazione Evoluta o gestione dei contenuti personalizzata;<\/p>\n<p>\u00a0Finalit\u00e0 Statistica e di Analisi della navigazione e degli utenti.<\/p>\n<p>Il trattamento dei dati Funzionali per l\u2019espletamento di tali obblighi \u00e8 necessario per una corretta gestione del rapporto e il loro conferimento \u00e8 obbligatorio per attuare le finalit\u00e0 sopra indicate. Il trattamento con finalit\u00e0 Statistica e di Analisi \u00e8 eseguito tramite registrazioni server e di terze parti, a tal proposito si veda la modalit\u00e0 di utilizzo dei dati da parte di Google quando si utilizzano siti o app partner che pu\u00f2 visionare all\u2019indirizzo:\u00a0<a href=\"https:\/\/www.google.com\/intl\/it\/policies\/privacy\/partners\/\">http:\/\/www.google.com\/intl\/it\/policies\/privacy\/partners\/<\/a>. Il Titolare rende noto, inoltre, che l\u2019eventuale non comunicazione, o comunicazione errata, di una delle informazioni obbligatorie, pu\u00f2 causare l\u2019impossibilit\u00e0 del Titolare di garantire la congruit\u00e0 del trattamento stesso.<\/p>\n<p><strong>Modalit\u00e0 del trattamento:<\/strong>\u00a0i Suoi dati personali potranno essere trattati nei seguenti modi:<\/p>\n<p>\u00a0A mezzo calcolatori elettronici, con utilizzo di sistemi software gestiti da Terzi;<\/p>\n<p>\u00a0A mezzo calcolatori elettronici, con utilizzo di sistemi software gestiti o programmati internamente;<\/p>\n<p>\u00a0Trattamento temporaneo in Forma Anonima.<\/p>\n<p>Ogni trattamento avviene nel rispetto delle modalit\u00e0 di cui agli artt. 6, 32 del GDPR e mediante l\u2019adozione delle adeguate misure di sicurezza previste.<\/p>\n<p><strong>Comunicazione:<\/strong>\u00a0i Suoi dati saranno comunicati esclusivamente a soggetti competenti e debitamente nominati per l\u2019espletamento dei servizi necessari ad una corretta gestione del rapporto, con garanzia di tutela dei diritti dell\u2019interessato. I Suoi dati saranno trattati unicamente da personale espressamente autorizzato dal Titolare ed, in particolare, dalle seguenti categorie di addetti:<\/p>\n<p>\u00a0ufficio Commerciale<\/p>\n<p>\u00a0ufficio tecnico<\/p>\n<p>\u00a0ufficio amministrativo\/contabilit\u00e0<\/p>\n<p><strong>Diffusione:<\/strong>\u00a0I Suoi dati personali non verranno diffusi in alcun modo.<\/p>\n<p><strong>Periodo di Conservazione:<\/strong>\u00a0Le segnaliamo che, nel rispetto dei principi di liceit\u00e0, limitazione delle finalit\u00e0 e minimizzazione dei dati, ai sensi dell\u2019art. 5 del GDPR, il periodo di conservazione dei Suoi dati personali \u00e8:<\/p>\n<p>\u00a0stabilito per un arco di tempo non superiore al conseguimento delle finalit\u00e0 per le quali sono raccolti e trattati per l\u2019esecuzione e l\u2019espletamento delle finalit\u00e0 contrattuali;<\/p>\n<p>\u00a0stabilito per un arco di tempo non superiore all\u2019espletamento dei servizi erogati.<\/p>\n<p><strong>Gestione dei cookie:<\/strong>\u00a0nel caso in cui Lei abbia dubbi o preoccupazioni in merito all\u2019utilizzo dei cookie Le \u00e8 sempre possibile intervenire per impedirne l\u2019impostazione e la lettura, ad esempio modificando le impostazioni sulla privacy all\u2019interno del Suo browser al fine di bloccarne determinati tipi. Poich\u00e9 ciascun browser \u2013 e spesso diverse versioni dello stesso browser \u2013 differiscono anche sensibilmente le une dalle altre, se preferisce agire autonomamente mediante le preferenze del Suo browser, pu\u00f2 trovare informazioni dettagliate sulla procedura necessaria nella guida del Suo browser. Per una panoramica delle modalit\u00e0 di azione per i browser pi\u00f9 comuni, pu\u00f2 visitare l\u2019indirizzo www.cookiepedia.co.uk. Le societ\u00e0 pubblicitarie consentono inoltre di rinunciare alla ricezione di annunci mirati, se lo si desidera. Ci\u00f2 non impedisce l\u2019impostazione dei cookie, ma interrompe l\u2019utilizzo e la raccolta di alcuni dati da parte di tali societ\u00e0. Per maggiori informazioni e possibilit\u00e0 di rinuncia, visitare l\u2019indirizzo www.youronlinechoices.eu.<\/p>\n<p><strong>Titolare:<\/strong>\u00a0il Titolare del trattamento dei dati, ai sensi della Legge, \u00e8 Gommiero Service srl con sede in quinto di Treviso CAP 31055, via F.Baracca n\u00b017 tel. 0422379178 fa. 0422470846 mail\u00a0<a href=\"mailto:info@gomierogroup.com\">info@gomierogroup.com<\/a>\u00a0P.IVA e cod.fisc. 04493250262 nella persona di Moreno Gomiero moreno.gomiero@gomierogroup.com.<\/p>\n<p>Lei ha diritto di ottenere dal titolare la cancellazione (diritto all\u2019oblio), la limitazione, l\u2019aggiornamento, la rettifica, la portabilit\u00e0, l\u2019opposizione al trattamento dei dati personali che La riguardano, nonch\u00e9, in generale, pu\u00f2 esercitare tutti i diritti previsti dagli artt. 15, 16, 17, 18, 19, 20, 21, 22 del GDPR.<\/p>\n<p>&nbsp;<\/p>\n<p>&nbsp;<\/p>\n<p><strong>Reg.to UE 2016\/679: Artt. 15, 16, 17, 18, 19, 20, 21, 22 \u2013 Diritti dell\u2019Interessato<\/strong><\/p>\n<ol>\n<li>L\u2019interessato ha diritto di ottenere la conferma dell\u2019esistenza o meno di dati personali che lo riguardino, anche se non ancora registrati, e la loro comunicazione in forma intelligibile.<\/li>\n<li>L\u2019interessato ha diritto di ottenere l\u2019indicazione:<\/li>\n<li>dell\u2019origine dei dati personali;<\/li>\n<li>delle finalit\u00e0 e modalit\u00e0 del trattamento;<\/li>\n<li>della logica applicata in caso di trattamento effettuato con l\u2019ausilio di strumenti elettronici;<\/li>\n<li>degli estremi identificativi del titolare, dei responsabili e del rappresentante designato ai sensi dell\u2019articolo 5, comma 2;<\/li>\n<li>dei soggetti o delle categorie di soggetti ai quali i dati personali possono essere comunicati o che possono venirne a conoscenza in qualit\u00e0 di rappresentanti designati nel territorio dello Stato, di responsabili o incaricati.<\/li>\n<li>L\u2019interessato ha diritto di ottenere:<\/li>\n<li>l\u2019aggiornamento, la rettifica ovvero, quando vi ha interesse, l\u2019integrazione dei dati;<\/li>\n<li>la cancellazione, la trasformazione in forma anonima o il blocco dei dati trattati in violazione di legge, compresi quelli di cui non \u00e8 necessaria la conservazione in relazione agli scopi per i quali i dati sono stati raccolti o successivamente trattati;<\/li>\n<li>l\u2019attestazione che le operazioni di cui alle lettere a) e b) siano state portate a conoscenza, anche per quanto riguarda il loro contenuto, di coloro ai quali i dati sono stati comunicati o diffusi, eccettuato il caso in cui tale adempimento si riveli impossibile o comporti un impiego di mezzi manifestamente sproporzionato rispetto al diritto tutelato;<\/li>\n<li>la portabilit\u00e0 dei dati.<\/li>\n<li>L\u2019interessato ha diritto di opporsi, in tutto o in parte:<\/li>\n<li>per motivi legittimi al trattamento dei dati personali che lo riguardino, ancorch\u00e9 pertinenti allo scopo della raccolta;<\/li>\n<li>al trattamento di dati personali che lo riguardino a fini di invio di materiale pubblicitario o di vendita diretta o per il compimento di ricerche di mercato o di comunicazione commerciale.<\/li>\n<\/ol>\n<\/div>\n<p><\/p>[\/et_pb_text][\/et_pb_column][\/et_pb_row][\/et_pb_section]","protected":false},"excerpt":{"rendered":"<p>Privacy Policy di pompedicaloretreviso.it Informativa sul trattamento dei dati personali ex artt. 13-14 Reg.to UE 2016\/679 Soggetti Interessati: Navigatori Sito Internet. Gomiero Service srl, nella qualit\u00e0 di Titolare del trattamento dei Suoi dati personali, ai sensi e per gli effetti del Reg.to UE 2016\/679 di seguito \u2018GDPR\u2019, con la presente, La informa, che la citata [&hellip;]<\/p>\n","protected":false},"author":1,"featured_media":0,"parent":0,"menu_order":0,"comment_status":"closed","ping_status":"closed","template":"","meta":{"_et_pb_use_builder":"on","_et_pb_old_content":"<!-- wp:heading --><h2>Chi siamo<\/h2><!-- \/wp:heading --><!-- wp:paragraph --><p><strong class=\"privacy-policy-tutorial\">Testo suggerito: <\/strong>L'indirizzo del nostro sito web \u00e8: http:\/\/pompedicaloretreviso.it.<\/p><!-- \/wp:paragraph --><!-- wp:heading --><h2>Commenti<\/h2><!-- \/wp:heading --><!-- wp:paragraph --><p><strong class=\"privacy-policy-tutorial\">Testo suggerito: <\/strong>Quando i visitatori lasciano commenti sul sito, raccogliamo i dati mostrati nel modulo dei commenti oltre all'indirizzo IP del visitatore e la stringa dello user agent del browser per facilitare il rilevamento dello spam.<\/p><!-- \/wp:paragraph --><!-- wp:paragraph --><p>Una stringa anonimizzata creata a partire dal tuo indirizzo email (altrimenti detta hash) pu\u00f2 essere fornita al servizio Gravatar per vedere se lo stai usando. La privacy policy del servizio Gravatar \u00e8 disponibile qui: https:\/\/automattic.com\/privacy\/. Dopo l'approvazione del tuo commento, la tua immagine del profilo \u00e8 visibile al pubblico nel contesto del tuo commento.<\/p><!-- \/wp:paragraph --><!-- wp:heading --><h2>Media<\/h2><!-- \/wp:heading --><!-- wp:paragraph --><p><strong class=\"privacy-policy-tutorial\">Testo suggerito: <\/strong>Se carichi immagini sul sito web, dovresti evitare di caricare immagini che includono i dati di posizione incorporati (EXIF GPS). I visitatori del sito web possono scaricare ed estrarre qualsiasi dato sulla posizione dalle immagini sul sito web.<\/p><!-- \/wp:paragraph --><!-- wp:heading --><h2>Cookie<\/h2><!-- \/wp:heading --><!-- wp:paragraph --><p><strong class=\"privacy-policy-tutorial\">Testo suggerito: <\/strong>Se lasci un commento sul nostro sito, puoi scegliere di salvare il tuo nome, indirizzo email e sito web nei cookie. Sono usati per la tua comodit\u00e0 in modo che tu non debba inserire nuovamente i tuoi dati quando lasci un altro commento. Questi cookie dureranno per un anno.<\/p><!-- \/wp:paragraph --><!-- wp:paragraph --><p>Se visiti la pagina di login, verr\u00e0 impostato un cookie temporaneo per determinare se il tuo browser accetta i cookie. Questo cookie non contiene dati personali e viene eliminato quando chiudi il browser.<\/p><!-- \/wp:paragraph --><!-- wp:paragraph --><p>Quando effettui l'accesso, verranno impostati diversi cookie per salvare le tue informazioni di accesso e le tue opzioni di visualizzazione dello schermo. I cookie di accesso durano due giorni mentre i cookie per le opzioni dello schermo durano un anno. Se selezioni &quot;Ricordami&quot;, il tuo accesso persister\u00e0 per due settimane. Se esci dal tuo account, i cookie di accesso verranno rimossi.<\/p><!-- \/wp:paragraph --><!-- wp:paragraph --><p>Se modifichi o pubblichi un articolo, un cookie aggiuntivo verr\u00e0 salvato nel tuo browser. Questo cookie non include dati personali, ma indica semplicemente l'ID dell'articolo appena modificato. Scade dopo 1 giorno.<\/p><!-- \/wp:paragraph --><!-- wp:heading --><h2>Contenuto incorporato da altri siti web<\/h2><!-- \/wp:heading --><!-- wp:paragraph --><p><strong class=\"privacy-policy-tutorial\">Testo suggerito: <\/strong>Gli articoli su questo sito possono includere contenuti incorporati (ad esempio video, immagini, articoli, ecc.). I contenuti incorporati da altri siti web si comportano esattamente allo stesso modo come se il visitatore avesse visitato l'altro sito web.<\/p><!-- \/wp:paragraph --><!-- wp:paragraph --><p>Questi siti web possono raccogliere dati su di te, usare cookie, integrare ulteriori tracciamenti di terze parti e monitorare l'interazione con essi, incluso il tracciamento della tua interazione con il contenuto incorporato se hai un account e sei connesso a quei siti web.<\/p><!-- \/wp:paragraph --><!-- wp:heading --><h2>Con chi condividiamo i tuoi dati<\/h2><!-- \/wp:heading --><!-- wp:paragraph --><p><strong class=\"privacy-policy-tutorial\">Testo suggerito: <\/strong>Se richiedi una reimpostazione della password, il tuo indirizzo IP verr\u00e0 incluso nell'email di reimpostazione.<\/p><!-- \/wp:paragraph --><!-- wp:heading --><h2>Per quanto tempo conserviamo i tuoi dati<\/h2><!-- \/wp:heading --><!-- wp:paragraph --><p><strong class=\"privacy-policy-tutorial\">Testo suggerito: <\/strong>Se lasci un commento, il commento e i relativi metadati vengono conservati a tempo indeterminato. \u00c8 cos\u00ec che possiamo riconoscere e approvare automaticamente eventuali commenti successivi invece di tenerli in una coda di moderazione.<\/p><!-- \/wp:paragraph --><!-- wp:paragraph --><p>Per gli utenti che si registrano sul nostro sito web (se presenti), memorizziamo anche le informazioni personali che forniscono nel loro profilo utente. Tutti gli utenti possono vedere, modificare o cancellare le loro informazioni personali in qualsiasi momento (eccetto il loro nome utente che non possono cambiare). Gli amministratori del sito web possono anche vedere e modificare queste informazioni.<\/p><!-- \/wp:paragraph --><!-- wp:heading --><h2>Quali diritti hai sui tuoi dati<\/h2><!-- \/wp:heading --><!-- wp:paragraph --><p><strong class=\"privacy-policy-tutorial\">Testo suggerito: <\/strong>Se hai un account su questo sito, o hai lasciato commenti, puoi richiedere di ricevere un file esportato dal sito con i dati personali che abbiamo su di te, compresi i dati che ci hai fornito. Puoi anche richiedere che cancelliamo tutti i dati personali che ti riguardano. Questo non include i dati che siamo obbligati a conservare per scopi amministrativi, legali o di sicurezza.<\/p><!-- \/wp:paragraph --><!-- wp:heading --><h2>Dove spediamo i tuoi dati<\/h2><!-- \/wp:heading --><!-- wp:paragraph --><p><strong class=\"privacy-policy-tutorial\">Testo suggerito: <\/strong>I commenti dei visitatori possono essere controllati attraverso un servizio di rilevamento automatico dello spam.<\/p><!-- \/wp:paragraph -->","_et_gb_content_width":"","footnotes":""},"class_list":["post-3","page","type-page","status-publish","hentry"],"_links":{"self":[{"href":"https:\/\/pompedicaloretreviso.it\/index.php?rest_route=\/wp\/v2\/pages\/3","targetHints":{"allow":["GET"]}}],"collection":[{"href":"https:\/\/pompedicaloretreviso.it\/index.php?rest_route=\/wp\/v2\/pages"}],"about":[{"href":"https:\/\/pompedicaloretreviso.it\/index.php?rest_route=\/wp\/v2\/types\/page"}],"author":[{"embeddable":true,"href":"https:\/\/pompedicaloretreviso.it\/index.php?rest_route=\/wp\/v2\/users\/1"}],"replies":[{"embeddable":true,"href":"https:\/\/pompedicaloretreviso.it\/index.php?rest_route=%2Fwp%2Fv2%2Fcomments&post=3"}],"version-history":[{"count":2,"href":"https:\/\/pompedicaloretreviso.it\/index.php?rest_route=\/wp\/v2\/pages\/3\/revisions"}],"predecessor-version":[{"id":93,"href":"https:\/\/pompedicaloretreviso.it\/index.php?rest_route=\/wp\/v2\/pages\/3\/revisions\/93"}],"wp:attachment":[{"href":"https:\/\/pompedicaloretreviso.it\/index.php?rest_route=%2Fwp%2Fv2%2Fmedia&parent=3"}],"curies":[{"name":"wp","href":"https:\/\/api.w.org\/{rel}","templated":true}]}}